{"id":620,"date":"2024-01-09T23:35:50","date_gmt":"2024-01-09T22:35:50","guid":{"rendered":"https:\/\/lunedemars.net\/index.php\/contact-us\/"},"modified":"2025-04-03T11:08:22","modified_gmt":"2025-04-03T10:08:22","slug":"contact-us","status":"publish","type":"page","link":"https:\/\/lunedemars.net\/index.php\/contact-us\/","title":{"rendered":"Contact"},"content":{"rendered":"\t\t<div data-elementor-type=\"wp-page\" data-elementor-id=\"620\" class=\"elementor elementor-620\">\n\t\t\t\t\t\t\t<div class=\"elementor-element elementor-element-4688672 elementor-hidden-desktop elementor-hidden-tablet e-flex e-con-boxed e-con e-parent\" data-id=\"4688672\" data-element_type=\"container\" data-settings=\"{&quot;content_width&quot;:&quot;boxed&quot;}\" data-core-v316-plus=\"true\">\n\t\t\t\t\t<div class=\"e-con-inner\">\n\t\t<div class=\"elementor-element elementor-element-bfe3226 e-con-full e-flex e-con e-child\" data-id=\"bfe3226\" data-element_type=\"container\" data-settings=\"{&quot;content_width&quot;:&quot;full&quot;}\">\n\t\t\t\t<div class=\"elementor-element elementor-element-546b8ae elementor-widget elementor-widget-heading\" data-id=\"546b8ae\" data-element_type=\"widget\" data-widget_type=\"heading.default\">\n\t\t\t\t<div class=\"elementor-widget-container\">\n\t\t\t<style>\/*! elementor - v3.18.0 - 20-12-2023 *\/\n.elementor-heading-title{padding:0;margin:0;line-height:1}.elementor-widget-heading .elementor-heading-title[class*=elementor-size-]>a{color:inherit;font-size:inherit;line-height:inherit}.elementor-widget-heading .elementor-heading-title.elementor-size-small{font-size:15px}.elementor-widget-heading .elementor-heading-title.elementor-size-medium{font-size:19px}.elementor-widget-heading .elementor-heading-title.elementor-size-large{font-size:29px}.elementor-widget-heading .elementor-heading-title.elementor-size-xl{font-size:39px}.elementor-widget-heading .elementor-heading-title.elementor-size-xxl{font-size:59px}<\/style><h2 class=\"elementor-heading-title elementor-size-default\">Un projet artistique \u00e0 nous soumettre ?\nEnvie d'un atelier th\u00e9\u00e2tre dans votre structure ?<\/h2>\t\t<\/div>\n\t\t\t\t<\/div>\n\t\t\t\t<div class=\"elementor-element elementor-element-d024f8b elementor-widget elementor-widget-heading\" data-id=\"d024f8b\" data-element_type=\"widget\" data-widget_type=\"heading.default\">\n\t\t\t\t<div class=\"elementor-widget-container\">\n\t\t\t<h2 class=\"elementor-heading-title elementor-size-default\">Besoin d'informations ?<\/h2>\t\t<\/div>\n\t\t\t\t<\/div>\n\t\t\t\t<div class=\"elementor-element elementor-element-0806986 elementor-mobile-align-center elementor-widget elementor-widget-button\" data-id=\"0806986\" data-element_type=\"widget\" data-widget_type=\"button.default\">\n\t\t\t\t<div class=\"elementor-widget-container\">\n\t\t\t\t\t<div class=\"elementor-button-wrapper\">\n\t\t\t<a class=\"elementor-button elementor-button-link elementor-size-lg\" href=\"mailto:lunedemars@gmail.com\">\n\t\t\t\t\t\t<span class=\"elementor-button-content-wrapper\">\n\t\t\t\t\t\t<span class=\"elementor-button-text\">\u00c9crivez-nous<\/span>\n\t\t<\/span>\n\t\t\t\t\t<\/a>\n\t\t<\/div>\n\t\t\t\t<\/div>\n\t\t\t\t<\/div>\n\t\t\t\t<div class=\"elementor-element elementor-element-7dcb313 elementor-widget elementor-widget-text-editor\" data-id=\"7dcb313\" data-element_type=\"widget\" data-widget_type=\"text-editor.default\">\n\t\t\t\t<div class=\"elementor-widget-container\">\n\t\t\t<style>\/*! elementor - v3.18.0 - 20-12-2023 *\/\n.elementor-widget-text-editor.elementor-drop-cap-view-stacked .elementor-drop-cap{background-color:#69727d;color:#fff}.elementor-widget-text-editor.elementor-drop-cap-view-framed .elementor-drop-cap{color:#69727d;border:3px solid;background-color:transparent}.elementor-widget-text-editor:not(.elementor-drop-cap-view-default) .elementor-drop-cap{margin-top:8px}.elementor-widget-text-editor:not(.elementor-drop-cap-view-default) .elementor-drop-cap-letter{width:1em;height:1em}.elementor-widget-text-editor .elementor-drop-cap{float:left;text-align:center;line-height:1;font-size:50px}.elementor-widget-text-editor .elementor-drop-cap-letter{display:inline-block}<\/style>\t\t\t\tformations, ateliers, projets, partenariat, questions&#8230;.\n<br>N&rsquo;h\u00e9sitez pas \u00e0 entrer en contact!\n<div><\/div>\n<div><\/div>\t\t\t\t\t\t<\/div>\n\t\t\t\t<\/div>\n\t\t\t\t<\/div>\n\t\t\t\t\t<\/div>\n\t\t\t\t<\/div>\n\t\t<div class=\"elementor-element elementor-element-f7f079f elementor-hidden-desktop elementor-hidden-tablet e-flex e-con-boxed e-con e-parent\" data-id=\"f7f079f\" data-element_type=\"container\" data-settings=\"{&quot;content_width&quot;:&quot;boxed&quot;}\" data-core-v316-plus=\"true\">\n\t\t\t\t\t<div class=\"e-con-inner\">\n\t\t\t\t<div class=\"elementor-element elementor-element-62135ba elementor-widget elementor-widget-image\" data-id=\"62135ba\" data-element_type=\"widget\" data-widget_type=\"image.default\">\n\t\t\t\t<div class=\"elementor-widget-container\">\n\t\t\t<style>\/*! elementor - v3.18.0 - 20-12-2023 *\/\n.elementor-widget-image{text-align:center}.elementor-widget-image a{display:inline-block}.elementor-widget-image a img[src$=\".svg\"]{width:48px}.elementor-widget-image img{vertical-align:middle;display:inline-block}<\/style>\t\t\t\t\t\t\t\t\t\t\t\t<img fetchpriority=\"high\" decoding=\"async\" width=\"1536\" height=\"1152\" src=\"https:\/\/lunedemars.net\/wp-content\/uploads\/2024\/04\/IMG_20240228_173622-scaled-e1713628020533-1536x1152.jpg\" class=\"attachment-1536x1536 size-1536x1536 wp-image-1551\" alt=\"\" srcset=\"https:\/\/lunedemars.net\/wp-content\/uploads\/2024\/04\/IMG_20240228_173622-scaled-e1713628020533-1536x1152.jpg 1536w, https:\/\/lunedemars.net\/wp-content\/uploads\/2024\/04\/IMG_20240228_173622-scaled-e1713628020533-300x225.jpg 300w, https:\/\/lunedemars.net\/wp-content\/uploads\/2024\/04\/IMG_20240228_173622-scaled-e1713628020533-1024x768.jpg 1024w, https:\/\/lunedemars.net\/wp-content\/uploads\/2024\/04\/IMG_20240228_173622-scaled-e1713628020533-768x576.jpg 768w, https:\/\/lunedemars.net\/wp-content\/uploads\/2024\/04\/IMG_20240228_173622-scaled-e1713628020533-2048x1536.jpg 2048w\" sizes=\"(max-width: 1536px) 100vw, 1536px\" \/>\t\t\t\t\t\t\t\t\t\t\t\t\t\t\t<\/div>\n\t\t\t\t<\/div>\n\t\t\t\t\t<\/div>\n\t\t\t\t<\/div>\n\t\t<div class=\"elementor-element elementor-element-0a84681 elementor-hidden-mobile e-flex e-con-boxed e-con e-parent\" data-id=\"0a84681\" data-element_type=\"container\" data-settings=\"{&quot;content_width&quot;:&quot;boxed&quot;}\" data-core-v316-plus=\"true\">\n\t\t\t\t\t<div class=\"e-con-inner\">\n\t\t<div class=\"elementor-element elementor-element-15b1644 e-con-full e-flex e-con e-child\" data-id=\"15b1644\" data-element_type=\"container\" data-settings=\"{&quot;content_width&quot;:&quot;full&quot;}\">\n\t\t\t\t<div class=\"elementor-element elementor-element-2efefc50 elementor-widget elementor-widget-heading\" data-id=\"2efefc50\" data-element_type=\"widget\" data-widget_type=\"heading.default\">\n\t\t\t\t<div class=\"elementor-widget-container\">\n\t\t\t<h1 class=\"elementor-heading-title elementor-size-default\">Un projet artistique \u00e0 nous soumettre ?<\/h1>\t\t<\/div>\n\t\t\t\t<\/div>\n\t\t\t\t<div class=\"elementor-element elementor-element-ebef584 elementor-widget elementor-widget-heading\" data-id=\"ebef584\" data-element_type=\"widget\" data-widget_type=\"heading.default\">\n\t\t\t\t<div class=\"elementor-widget-container\">\n\t\t\t<h2 class=\"elementor-heading-title elementor-size-default\">Un besoin d'informations ?<\/h2>\t\t<\/div>\n\t\t\t\t<\/div>\n\t\t\t\t<\/div>\n\t\t<div class=\"elementor-element elementor-element-e6cdb7f e-con-full e-flex e-con e-child\" data-id=\"e6cdb7f\" data-element_type=\"container\" data-settings=\"{&quot;content_width&quot;:&quot;full&quot;}\">\n\t\t\t\t<div class=\"elementor-element elementor-element-77bb5548 elementor-widget__width-initial elementor-invisible elementor-widget elementor-widget-text-editor\" data-id=\"77bb5548\" data-element_type=\"widget\" data-settings=\"{&quot;_animation&quot;:&quot;fadeInDown&quot;}\" data-widget_type=\"text-editor.default\">\n\t\t\t\t<div class=\"elementor-widget-container\">\n\t\t\t\t\t\t\tformations, ateliers, partenariat, questions&#8230;\n<br>N&rsquo;h\u00e9sitez pas \u00e0 entrer en contact !\t\t\t\t\t\t<\/div>\n\t\t\t\t<\/div>\n\t\t\t\t<div class=\"elementor-element elementor-element-4d43352 elementor-widget elementor-widget-button\" data-id=\"4d43352\" data-element_type=\"widget\" data-widget_type=\"button.default\">\n\t\t\t\t<div class=\"elementor-widget-container\">\n\t\t\t\t\t<div class=\"elementor-button-wrapper\">\n\t\t\t<a class=\"elementor-button elementor-button-link elementor-size-lg\" href=\"mailto:lunedemars@gmail.com\">\n\t\t\t\t\t\t<span class=\"elementor-button-content-wrapper\">\n\t\t\t\t\t\t<span class=\"elementor-button-text\">\u00c9crivez-nous !<\/span>\n\t\t<\/span>\n\t\t\t\t\t<\/a>\n\t\t<\/div>\n\t\t\t\t<\/div>\n\t\t\t\t<\/div>\n\t\t\t\t<\/div>\n\t\t\t\t\t<\/div>\n\t\t\t\t<\/div>\n\t\t<div class=\"elementor-element elementor-element-8b23005 elementor-hidden-mobile e-flex e-con-boxed e-con e-parent\" data-id=\"8b23005\" data-element_type=\"container\" data-settings=\"{&quot;background_background&quot;:&quot;classic&quot;,&quot;content_width&quot;:&quot;boxed&quot;}\" data-core-v316-plus=\"true\">\n\t\t\t\t\t<div class=\"e-con-inner\">\n\t\t\t\t\t<\/div>\n\t\t\t\t<\/div>\n\t\t\t\t\t\t\t<\/div>\n\t\t","protected":false},"excerpt":{"rendered":"<p>Un projet artistique \u00e0 nous soumettre ? Envie d&rsquo;un atelier th\u00e9\u00e2tre dans votre structure ? Besoin d&rsquo;informations ? \u00c9crivez-nous formations, ateliers, projets, partenariat, questions&#8230;. N&rsquo;h\u00e9sitez pas \u00e0 entrer en contact! Un projet artistique \u00e0 nous soumettre ? Un besoin d&rsquo;informations ? formations, ateliers, partenariat, questions&#8230; N&rsquo;h\u00e9sitez pas \u00e0 entrer en contact ! \u00c9crivez-nous !<\/p>\n","protected":false},"author":1,"featured_media":0,"parent":0,"menu_order":0,"comment_status":"closed","ping_status":"closed","template":"elementor_header_footer","meta":[],"_links":{"self":[{"href":"https:\/\/lunedemars.net\/index.php\/wp-json\/wp\/v2\/pages\/620"}],"collection":[{"href":"https:\/\/lunedemars.net\/index.php\/wp-json\/wp\/v2\/pages"}],"about":[{"href":"https:\/\/lunedemars.net\/index.php\/wp-json\/wp\/v2\/types\/page"}],"author":[{"embeddable":true,"href":"https:\/\/lunedemars.net\/index.php\/wp-json\/wp\/v2\/users\/1"}],"replies":[{"embeddable":true,"href":"https:\/\/lunedemars.net\/index.php\/wp-json\/wp\/v2\/comments?post=620"}],"version-history":[{"count":117,"href":"https:\/\/lunedemars.net\/index.php\/wp-json\/wp\/v2\/pages\/620\/revisions"}],"predecessor-version":[{"id":1745,"href":"https:\/\/lunedemars.net\/index.php\/wp-json\/wp\/v2\/pages\/620\/revisions\/1745"}],"wp:attachment":[{"href":"https:\/\/lunedemars.net\/index.php\/wp-json\/wp\/v2\/media?parent=620"}],"curies":[{"name":"wp","href":"https:\/\/api.w.org\/{rel}","templated":true}]}}