{"id":657,"date":"2024-01-09T23:35:57","date_gmt":"2024-01-09T22:35:57","guid":{"rendered":"https:\/\/lunedemars.net\/index.php\/home\/"},"modified":"2024-01-21T18:59:46","modified_gmt":"2024-01-21T17:59:46","slug":"home","status":"publish","type":"page","link":"https:\/\/lunedemars.net\/","title":{"rendered":"Home"},"content":{"rendered":"\t\t<div data-elementor-type=\"wp-page\" data-elementor-id=\"657\" class=\"elementor elementor-657\">\n\t\t\t\t\t\t\t<div class=\"elementor-element elementor-element-1697ded0 e-con-full e-flex e-con e-parent\" data-id=\"1697ded0\" data-element_type=\"container\" data-settings=\"{&quot;content_width&quot;:&quot;full&quot;,&quot;background_background&quot;:&quot;classic&quot;}\" data-core-v316-plus=\"true\">\n\t\t<div class=\"elementor-element elementor-element-5acba789 e-con-full e-flex e-con e-child\" data-id=\"5acba789\" data-element_type=\"container\" data-settings=\"{&quot;content_width&quot;:&quot;full&quot;}\">\n\t\t<div class=\"elementor-element elementor-element-5b1700be e-con-full e-flex e-con e-child\" data-id=\"5b1700be\" data-element_type=\"container\" data-settings=\"{&quot;content_width&quot;:&quot;full&quot;}\">\n\t\t\t\t<div class=\"elementor-element elementor-element-40c45974 elementor-widget__width-initial elementor-widget elementor-widget-heading\" data-id=\"40c45974\" data-element_type=\"widget\" data-widget_type=\"heading.default\">\n\t\t\t\t<div class=\"elementor-widget-container\">\n\t\t\t<style>\/*! elementor - v3.18.0 - 20-12-2023 *\/\n.elementor-heading-title{padding:0;margin:0;line-height:1}.elementor-widget-heading .elementor-heading-title[class*=elementor-size-]>a{color:inherit;font-size:inherit;line-height:inherit}.elementor-widget-heading .elementor-heading-title.elementor-size-small{font-size:15px}.elementor-widget-heading .elementor-heading-title.elementor-size-medium{font-size:19px}.elementor-widget-heading .elementor-heading-title.elementor-size-large{font-size:29px}.elementor-widget-heading .elementor-heading-title.elementor-size-xl{font-size:39px}.elementor-widget-heading .elementor-heading-title.elementor-size-xxl{font-size:59px}<\/style><h1 class=\"elementor-heading-title elementor-size-default\">Le site est actuellement en construction\n<\/h1>\t\t<\/div>\n\t\t\t\t<\/div>\n\t\t\t\t<div class=\"elementor-element elementor-element-1747235 elementor-widget__width-initial elementor-widget elementor-widget-text-editor\" data-id=\"1747235\" data-element_type=\"widget\" data-widget_type=\"text-editor.default\">\n\t\t\t\t<div class=\"elementor-widget-container\">\n\t\t\t<style>\/*! elementor - v3.18.0 - 20-12-2023 *\/\n.elementor-widget-text-editor.elementor-drop-cap-view-stacked .elementor-drop-cap{background-color:#69727d;color:#fff}.elementor-widget-text-editor.elementor-drop-cap-view-framed .elementor-drop-cap{color:#69727d;border:3px solid;background-color:transparent}.elementor-widget-text-editor:not(.elementor-drop-cap-view-default) .elementor-drop-cap{margin-top:8px}.elementor-widget-text-editor:not(.elementor-drop-cap-view-default) .elementor-drop-cap-letter{width:1em;height:1em}.elementor-widget-text-editor .elementor-drop-cap{float:left;text-align:center;line-height:1;font-size:50px}.elementor-widget-text-editor .elementor-drop-cap-letter{display:inline-block}<\/style>\t\t\t\t<h4>En attendant, vous pouvez retrouvez quelques images du derniers spectacles : Les Hommes et les Femmes sont belles ?<\/h4>\t\t\t\t\t\t<\/div>\n\t\t\t\t<\/div>\n\t\t\t\t<div class=\"elementor-element elementor-element-016ef4d elementor-widget elementor-widget-text-editor\" data-id=\"016ef4d\" data-element_type=\"widget\" data-widget_type=\"text-editor.default\">\n\t\t\t\t<div class=\"elementor-widget-container\">\n\t\t\t\t\t\t\t<p>Un projet ? Une envie ?<\/p><p>Contactez-nous par mail :<br \/><strong>lunedemars@gmail.com<\/strong><\/p>\t\t\t\t\t\t<\/div>\n\t\t\t\t<\/div>\n\t\t\t\t<\/div>\n\t\t\t\t<\/div>\n\t\t\t\t<\/div>\n\t\t<div class=\"elementor-element elementor-element-3fd51d0 e-flex e-con-boxed e-con e-parent\" data-id=\"3fd51d0\" data-element_type=\"container\" data-settings=\"{&quot;content_width&quot;:&quot;boxed&quot;}\" data-core-v316-plus=\"true\">\n\t\t\t\t\t<div class=\"e-con-inner\">\n\t\t\t\t<div class=\"elementor-element elementor-element-d974046 elementor-widget elementor-widget-image\" data-id=\"d974046\" data-element_type=\"widget\" data-widget_type=\"image.default\">\n\t\t\t\t<div class=\"elementor-widget-container\">\n\t\t\t<style>\/*! elementor - v3.18.0 - 20-12-2023 *\/\n.elementor-widget-image{text-align:center}.elementor-widget-image a{display:inline-block}.elementor-widget-image a img[src$=\".svg\"]{width:48px}.elementor-widget-image img{vertical-align:middle;display:inline-block}<\/style>\t\t\t\t\t\t\t\t\t\t\t\t<img fetchpriority=\"high\" decoding=\"async\" width=\"209\" height=\"300\" src=\"https:\/\/lunedemars.net\/wp-content\/uploads\/2024\/01\/IMG_0066-209x300.jpg\" class=\"attachment-medium size-medium wp-image-694\" alt=\"\" srcset=\"https:\/\/lunedemars.net\/wp-content\/uploads\/2024\/01\/IMG_0066-209x300.jpg 209w, https:\/\/lunedemars.net\/wp-content\/uploads\/2024\/01\/IMG_0066.jpg 586w\" sizes=\"(max-width: 209px) 100vw, 209px\" \/>\t\t\t\t\t\t\t\t\t\t\t\t\t\t\t<\/div>\n\t\t\t\t<\/div>\n\t\t\t\t\t<\/div>\n\t\t\t\t<\/div>\n\t\t<div class=\"elementor-element elementor-element-6b21c9b7 e-con-full e-flex e-con e-parent\" data-id=\"6b21c9b7\" data-element_type=\"container\" data-settings=\"{&quot;content_width&quot;:&quot;full&quot;}\" data-core-v316-plus=\"true\">\n\t\t<div class=\"elementor-element elementor-element-2d2fd175 e-con-full e-flex e-con e-child\" data-id=\"2d2fd175\" data-element_type=\"container\" data-settings=\"{&quot;background_background&quot;:&quot;classic&quot;,&quot;content_width&quot;:&quot;full&quot;}\">\n\t\t\t\t<\/div>\n\t\t<div class=\"elementor-element elementor-element-176f11e5 e-con-full e-flex e-con e-child\" data-id=\"176f11e5\" data-element_type=\"container\" data-settings=\"{&quot;content_width&quot;:&quot;full&quot;}\">\n\t\t\t\t<div class=\"elementor-element elementor-element-67101fea elementor-widget elementor-widget-heading\" data-id=\"67101fea\" data-element_type=\"widget\" data-widget_type=\"heading.default\">\n\t\t\t\t<div class=\"elementor-widget-container\">\n\t\t\t<h2 class=\"elementor-heading-title elementor-size-default\">\" Ils s'en foutent les gens du f\u00e9minisme, \u00e7a peut continuer comme \u00e7a.\"<\/h2>\t\t<\/div>\n\t\t\t\t<\/div>\n\t\t\t\t<div class=\"elementor-element elementor-element-50369761 elementor-widget elementor-widget-text-editor\" data-id=\"50369761\" data-element_type=\"widget\" data-widget_type=\"text-editor.default\">\n\t\t\t\t<div class=\"elementor-widget-container\">\n\t\t\t\t\t\t\t<p class=\"p1\">DEUX PERSONNAGES, AUX FRONTI\u00c8RES DU GENRE, CHAMARRE.ES, ESPI\u00c8GLES ET BAROQUES S&rsquo;EFFEUILLENT PEU A PEU LORSQUE FICTION ET R\u00c9ALIT\u00c9 SE CONFONDENT.<\/p><p class=\"p1\">DEUX COM\u00c9DIENNES SE RETROUVENT COINC\u00c9ES DANS UN SPECTACLE F\u00c9MINISTE QUI NE VEUT PAS DIRE SON NOM.:<\/p><p class=\"p1\"><span style=\"color: #000000;\"><strong>\u00ab OH&#8230; LE GROS MOT!\u00bb <\/strong><\/span><\/p><p class=\"p1\">DEUX FEMMES SE D\u00c9BATTENT DANS UN FLOT DE QUESTIONS ET DE DOUTES.<\/p>\t\t\t\t\t\t<\/div>\n\t\t\t\t<\/div>\n\t\t\t\t<div class=\"elementor-element elementor-element-438c5064 elementor-invisible elementor-widget elementor-widget-button\" data-id=\"438c5064\" data-element_type=\"widget\" data-settings=\"{&quot;_animation&quot;:&quot;fadeInDown&quot;}\" data-widget_type=\"button.default\">\n\t\t\t\t<div class=\"elementor-widget-container\">\n\t\t\t\t\t<div class=\"elementor-button-wrapper\">\n\t\t\t<a class=\"elementor-button elementor-size-sm\" role=\"button\">\n\t\t\t\t\t\t<span class=\"elementor-button-content-wrapper\">\n\t\t\t\t\t\t<span class=\"elementor-button-text\">More About Us<\/span>\n\t\t<\/span>\n\t\t\t\t\t<\/a>\n\t\t<\/div>\n\t\t\t\t<\/div>\n\t\t\t\t<\/div>\n\t\t\t\t<\/div>\n\t\t\t\t<\/div>\n\t\t<div class=\"elementor-element elementor-element-3f6dca0d e-con-full e-flex e-con e-parent\" data-id=\"3f6dca0d\" data-element_type=\"container\" data-settings=\"{&quot;content_width&quot;:&quot;full&quot;}\" data-core-v316-plus=\"true\">\n\t\t\t\t<div class=\"elementor-element elementor-element-413de1f4 elementor-widget elementor-widget-heading\" data-id=\"413de1f4\" data-element_type=\"widget\" data-widget_type=\"heading.default\">\n\t\t\t\t<div class=\"elementor-widget-container\">\n\t\t\t<span class=\"elementor-heading-title elementor-size-default\">Que faire ? Agir ?\nMais comment ?<\/span>\t\t<\/div>\n\t\t\t\t<\/div>\n\t\t\t\t<div class=\"elementor-element elementor-element-c97a833 gallery-spacing-custom elementor-widget elementor-widget-image-gallery\" data-id=\"c97a833\" data-element_type=\"widget\" data-widget_type=\"image-gallery.default\">\n\t\t\t\t<div class=\"elementor-widget-container\">\n\t\t\t<style>\/*! elementor - v3.18.0 - 20-12-2023 *\/\n.elementor-image-gallery .gallery-item{display:inline-block;text-align:center;vertical-align:top;width:100%;max-width:100%;margin:0 auto}.elementor-image-gallery .gallery-item img{margin:0 auto}.elementor-image-gallery .gallery-item .gallery-caption{margin:0}.elementor-image-gallery figure img{display:block}.elementor-image-gallery figure figcaption{width:100%}.gallery-spacing-custom .elementor-image-gallery .gallery-icon{padding:0}@media (min-width:768px){.elementor-image-gallery .gallery-columns-2 .gallery-item{max-width:50%}.elementor-image-gallery .gallery-columns-3 .gallery-item{max-width:33.33%}.elementor-image-gallery .gallery-columns-4 .gallery-item{max-width:25%}.elementor-image-gallery .gallery-columns-5 .gallery-item{max-width:20%}.elementor-image-gallery .gallery-columns-6 .gallery-item{max-width:16.666%}.elementor-image-gallery .gallery-columns-7 .gallery-item{max-width:14.28%}.elementor-image-gallery .gallery-columns-8 .gallery-item{max-width:12.5%}.elementor-image-gallery .gallery-columns-9 .gallery-item{max-width:11.11%}.elementor-image-gallery .gallery-columns-10 .gallery-item{max-width:10%}}@media (min-width:480px) and (max-width:767px){.elementor-image-gallery .gallery.gallery-columns-2 .gallery-item,.elementor-image-gallery .gallery.gallery-columns-3 .gallery-item,.elementor-image-gallery .gallery.gallery-columns-4 .gallery-item,.elementor-image-gallery .gallery.gallery-columns-5 .gallery-item,.elementor-image-gallery .gallery.gallery-columns-6 .gallery-item,.elementor-image-gallery .gallery.gallery-columns-7 .gallery-item,.elementor-image-gallery .gallery.gallery-columns-8 .gallery-item,.elementor-image-gallery .gallery.gallery-columns-9 .gallery-item,.elementor-image-gallery .gallery.gallery-columns-10 .gallery-item{max-width:50%}}@media (max-width:479px){.elementor-image-gallery .gallery.gallery-columns-2 .gallery-item,.elementor-image-gallery .gallery.gallery-columns-3 .gallery-item,.elementor-image-gallery .gallery.gallery-columns-4 .gallery-item,.elementor-image-gallery .gallery.gallery-columns-5 .gallery-item,.elementor-image-gallery .gallery.gallery-columns-6 .gallery-item,.elementor-image-gallery .gallery.gallery-columns-7 .gallery-item,.elementor-image-gallery .gallery.gallery-columns-8 .gallery-item,.elementor-image-gallery .gallery.gallery-columns-9 .gallery-item,.elementor-image-gallery .gallery.gallery-columns-10 .gallery-item{max-width:100%}}<\/style>\t\t<div class=\"elementor-image-gallery\">\n\t\t\t<div id='gallery-1' class='gallery galleryid-657 gallery-columns-2 gallery-size-full'><figure class='gallery-item'>\n\t\t\t<div class='gallery-icon portrait'>\n\t\t\t\t<a data-elementor-open-lightbox=\"yes\" data-elementor-lightbox-slideshow=\"c97a833\" data-elementor-lightbox-title=\"Capture d\u2019e\u0301cran 2024-01-09 a\u0300 23.56.05\" data-e-action-hash=\"#elementor-action%3Aaction%3Dlightbox%26settings%3DeyJpZCI6NzA3LCJ1cmwiOiJodHRwczpcL1wvbHVuZWRlbWFycy5uZXRcL3dwLWNvbnRlbnRcL3VwbG9hZHNcLzIwMjRcLzAxXC9DYXB0dXJlLWRlY3Jhbi0yMDI0LTAxLTA5LWEtMjMuNTYuMDUucG5nIiwic2xpZGVzaG93IjoiYzk3YTgzMyJ9\" href='https:\/\/lunedemars.net\/wp-content\/uploads\/2024\/01\/Capture-decran-2024-01-09-a-23.56.05.png'><img width=\"996\" height=\"1296\" src=\"https:\/\/lunedemars.net\/wp-content\/uploads\/2024\/01\/Capture-decran-2024-01-09-a-23.56.05.png\" class=\"attachment-full size-full\" alt=\"\" decoding=\"async\" aria-describedby=\"gallery-1-707\" srcset=\"https:\/\/lunedemars.net\/wp-content\/uploads\/2024\/01\/Capture-decran-2024-01-09-a-23.56.05.png 996w, https:\/\/lunedemars.net\/wp-content\/uploads\/2024\/01\/Capture-decran-2024-01-09-a-23.56.05-231x300.png 231w, https:\/\/lunedemars.net\/wp-content\/uploads\/2024\/01\/Capture-decran-2024-01-09-a-23.56.05-787x1024.png 787w, https:\/\/lunedemars.net\/wp-content\/uploads\/2024\/01\/Capture-decran-2024-01-09-a-23.56.05-768x999.png 768w\" sizes=\"(max-width: 996px) 100vw, 996px\" \/><\/a>\n\t\t\t<\/div>\n\t\t\t\t<figcaption class='wp-caption-text gallery-caption' id='gallery-1-707'>\n\t\t\t\tSPECTACLE- Les Hommes et les Femmes sont belles?\n\t\t\t\t<\/figcaption><\/figure><figure class='gallery-item'>\n\t\t\t<div class='gallery-icon portrait'>\n\t\t\t\t<a data-elementor-open-lightbox=\"yes\" data-elementor-lightbox-slideshow=\"c97a833\" data-elementor-lightbox-title=\"Capture d\u2019e\u0301cran 2024-01-09 a\u0300 23.56.23\" data-e-action-hash=\"#elementor-action%3Aaction%3Dlightbox%26settings%3DeyJpZCI6NzA4LCJ1cmwiOiJodHRwczpcL1wvbHVuZWRlbWFycy5uZXRcL3dwLWNvbnRlbnRcL3VwbG9hZHNcLzIwMjRcLzAxXC9DYXB0dXJlLWRlY3Jhbi0yMDI0LTAxLTA5LWEtMjMuNTYuMjMucG5nIiwic2xpZGVzaG93IjoiYzk3YTgzMyJ9\" href='https:\/\/lunedemars.net\/wp-content\/uploads\/2024\/01\/Capture-decran-2024-01-09-a-23.56.23.png'><img width=\"972\" height=\"1334\" src=\"https:\/\/lunedemars.net\/wp-content\/uploads\/2024\/01\/Capture-decran-2024-01-09-a-23.56.23.png\" class=\"attachment-full size-full\" alt=\"\" decoding=\"async\" aria-describedby=\"gallery-1-708\" srcset=\"https:\/\/lunedemars.net\/wp-content\/uploads\/2024\/01\/Capture-decran-2024-01-09-a-23.56.23.png 972w, https:\/\/lunedemars.net\/wp-content\/uploads\/2024\/01\/Capture-decran-2024-01-09-a-23.56.23-219x300.png 219w, https:\/\/lunedemars.net\/wp-content\/uploads\/2024\/01\/Capture-decran-2024-01-09-a-23.56.23-746x1024.png 746w, https:\/\/lunedemars.net\/wp-content\/uploads\/2024\/01\/Capture-decran-2024-01-09-a-23.56.23-768x1054.png 768w\" sizes=\"(max-width: 972px) 100vw, 972px\" \/><\/a>\n\t\t\t<\/div>\n\t\t\t\t<figcaption class='wp-caption-text gallery-caption' id='gallery-1-708'>\n\t\t\t\tSPECTACLE- Les Hommes et les Femmes sont belles?\n\t\t\t\t<\/figcaption><\/figure><figure class='gallery-item'>\n\t\t\t<div class='gallery-icon portrait'>\n\t\t\t\t<a data-elementor-open-lightbox=\"yes\" data-elementor-lightbox-slideshow=\"c97a833\" data-elementor-lightbox-title=\"Capture d\u2019e\u0301cran 2024-01-09 a\u0300 23.56.46\" data-e-action-hash=\"#elementor-action%3Aaction%3Dlightbox%26settings%3DeyJpZCI6NzA5LCJ1cmwiOiJodHRwczpcL1wvbHVuZWRlbWFycy5uZXRcL3dwLWNvbnRlbnRcL3VwbG9hZHNcLzIwMjRcLzAxXC9DYXB0dXJlLWRlY3Jhbi0yMDI0LTAxLTA5LWEtMjMuNTYuNDYucG5nIiwic2xpZGVzaG93IjoiYzk3YTgzMyJ9\" href='https:\/\/lunedemars.net\/wp-content\/uploads\/2024\/01\/Capture-decran-2024-01-09-a-23.56.46.png'><img loading=\"lazy\" width=\"1000\" height=\"1314\" src=\"https:\/\/lunedemars.net\/wp-content\/uploads\/2024\/01\/Capture-decran-2024-01-09-a-23.56.46.png\" class=\"attachment-full size-full\" alt=\"\" decoding=\"async\" aria-describedby=\"gallery-1-709\" srcset=\"https:\/\/lunedemars.net\/wp-content\/uploads\/2024\/01\/Capture-decran-2024-01-09-a-23.56.46.png 1000w, https:\/\/lunedemars.net\/wp-content\/uploads\/2024\/01\/Capture-decran-2024-01-09-a-23.56.46-228x300.png 228w, https:\/\/lunedemars.net\/wp-content\/uploads\/2024\/01\/Capture-decran-2024-01-09-a-23.56.46-779x1024.png 779w, https:\/\/lunedemars.net\/wp-content\/uploads\/2024\/01\/Capture-decran-2024-01-09-a-23.56.46-768x1009.png 768w\" sizes=\"(max-width: 1000px) 100vw, 1000px\" \/><\/a>\n\t\t\t<\/div>\n\t\t\t\t<figcaption class='wp-caption-text gallery-caption' id='gallery-1-709'>\n\t\t\t\tSPECTACLE- Les Hommes et les Femmes sont belles?\n\t\t\t\t<\/figcaption><\/figure><figure class='gallery-item'>\n\t\t\t<div class='gallery-icon portrait'>\n\t\t\t\t<a data-elementor-open-lightbox=\"yes\" data-elementor-lightbox-slideshow=\"c97a833\" data-elementor-lightbox-title=\"Capture d\u2019e\u0301cran 2024-01-09 a\u0300 23.57.06\" data-e-action-hash=\"#elementor-action%3Aaction%3Dlightbox%26settings%3DeyJpZCI6NzEwLCJ1cmwiOiJodHRwczpcL1wvbHVuZWRlbWFycy5uZXRcL3dwLWNvbnRlbnRcL3VwbG9hZHNcLzIwMjRcLzAxXC9DYXB0dXJlLWRlY3Jhbi0yMDI0LTAxLTA5LWEtMjMuNTcuMDYucG5nIiwic2xpZGVzaG93IjoiYzk3YTgzMyJ9\" href='https:\/\/lunedemars.net\/wp-content\/uploads\/2024\/01\/Capture-decran-2024-01-09-a-23.57.06.png'><img loading=\"lazy\" width=\"1034\" height=\"1374\" src=\"https:\/\/lunedemars.net\/wp-content\/uploads\/2024\/01\/Capture-decran-2024-01-09-a-23.57.06.png\" class=\"attachment-full size-full\" alt=\"\" decoding=\"async\" aria-describedby=\"gallery-1-710\" srcset=\"https:\/\/lunedemars.net\/wp-content\/uploads\/2024\/01\/Capture-decran-2024-01-09-a-23.57.06.png 1034w, https:\/\/lunedemars.net\/wp-content\/uploads\/2024\/01\/Capture-decran-2024-01-09-a-23.57.06-226x300.png 226w, https:\/\/lunedemars.net\/wp-content\/uploads\/2024\/01\/Capture-decran-2024-01-09-a-23.57.06-771x1024.png 771w, https:\/\/lunedemars.net\/wp-content\/uploads\/2024\/01\/Capture-decran-2024-01-09-a-23.57.06-768x1021.png 768w\" sizes=\"(max-width: 1034px) 100vw, 1034px\" \/><\/a>\n\t\t\t<\/div>\n\t\t\t\t<figcaption class='wp-caption-text gallery-caption' id='gallery-1-710'>\n\t\t\t\tSPECTACLE- Les Hommes et les Femmes sont belles?\n\t\t\t\t<\/figcaption><\/figure><figure class='gallery-item'>\n\t\t\t<div class='gallery-icon portrait'>\n\t\t\t\t<a data-elementor-open-lightbox=\"yes\" data-elementor-lightbox-slideshow=\"c97a833\" data-elementor-lightbox-title=\"Capture d\u2019e\u0301cran 2024-01-09 a\u0300 23.57.19\" data-e-action-hash=\"#elementor-action%3Aaction%3Dlightbox%26settings%3DeyJpZCI6NzExLCJ1cmwiOiJodHRwczpcL1wvbHVuZWRlbWFycy5uZXRcL3dwLWNvbnRlbnRcL3VwbG9hZHNcLzIwMjRcLzAxXC9DYXB0dXJlLWRlY3Jhbi0yMDI0LTAxLTA5LWEtMjMuNTcuMTkucG5nIiwic2xpZGVzaG93IjoiYzk3YTgzMyJ9\" href='https:\/\/lunedemars.net\/wp-content\/uploads\/2024\/01\/Capture-decran-2024-01-09-a-23.57.19.png'><img loading=\"lazy\" width=\"1024\" height=\"1376\" src=\"https:\/\/lunedemars.net\/wp-content\/uploads\/2024\/01\/Capture-decran-2024-01-09-a-23.57.19.png\" class=\"attachment-full size-full\" alt=\"\" decoding=\"async\" aria-describedby=\"gallery-1-711\" srcset=\"https:\/\/lunedemars.net\/wp-content\/uploads\/2024\/01\/Capture-decran-2024-01-09-a-23.57.19.png 1024w, https:\/\/lunedemars.net\/wp-content\/uploads\/2024\/01\/Capture-decran-2024-01-09-a-23.57.19-223x300.png 223w, https:\/\/lunedemars.net\/wp-content\/uploads\/2024\/01\/Capture-decran-2024-01-09-a-23.57.19-762x1024.png 762w, https:\/\/lunedemars.net\/wp-content\/uploads\/2024\/01\/Capture-decran-2024-01-09-a-23.57.19-768x1032.png 768w\" sizes=\"(max-width: 1024px) 100vw, 1024px\" \/><\/a>\n\t\t\t<\/div>\n\t\t\t\t<figcaption class='wp-caption-text gallery-caption' id='gallery-1-711'>\n\t\t\t\tSPECTACLE- Les Hommes et les Femmes sont belles?\n\t\t\t\t<\/figcaption><\/figure><figure class='gallery-item'>\n\t\t\t<div class='gallery-icon portrait'>\n\t\t\t\t<a data-elementor-open-lightbox=\"yes\" data-elementor-lightbox-slideshow=\"c97a833\" data-elementor-lightbox-title=\"Capture d\u2019e\u0301cran 2024-01-09 a\u0300 23.57.39\" data-e-action-hash=\"#elementor-action%3Aaction%3Dlightbox%26settings%3DeyJpZCI6NzEyLCJ1cmwiOiJodHRwczpcL1wvbHVuZWRlbWFycy5uZXRcL3dwLWNvbnRlbnRcL3VwbG9hZHNcLzIwMjRcLzAxXC9DYXB0dXJlLWRlY3Jhbi0yMDI0LTAxLTA5LWEtMjMuNTcuMzkucG5nIiwic2xpZGVzaG93IjoiYzk3YTgzMyJ9\" href='https:\/\/lunedemars.net\/wp-content\/uploads\/2024\/01\/Capture-decran-2024-01-09-a-23.57.39.png'><img loading=\"lazy\" width=\"1040\" height=\"1400\" src=\"https:\/\/lunedemars.net\/wp-content\/uploads\/2024\/01\/Capture-decran-2024-01-09-a-23.57.39.png\" class=\"attachment-full size-full\" alt=\"\" decoding=\"async\" aria-describedby=\"gallery-1-712\" srcset=\"https:\/\/lunedemars.net\/wp-content\/uploads\/2024\/01\/Capture-decran-2024-01-09-a-23.57.39.png 1040w, https:\/\/lunedemars.net\/wp-content\/uploads\/2024\/01\/Capture-decran-2024-01-09-a-23.57.39-223x300.png 223w, https:\/\/lunedemars.net\/wp-content\/uploads\/2024\/01\/Capture-decran-2024-01-09-a-23.57.39-761x1024.png 761w, https:\/\/lunedemars.net\/wp-content\/uploads\/2024\/01\/Capture-decran-2024-01-09-a-23.57.39-768x1034.png 768w\" sizes=\"(max-width: 1040px) 100vw, 1040px\" \/><\/a>\n\t\t\t<\/div>\n\t\t\t\t<figcaption class='wp-caption-text gallery-caption' id='gallery-1-712'>\n\t\t\t\tSPECTACLE- Les Hommes et les Femmes sont belles?\n\t\t\t\t<\/figcaption><\/figure><figure class='gallery-item'>\n\t\t\t<div class='gallery-icon portrait'>\n\t\t\t\t<a data-elementor-open-lightbox=\"yes\" data-elementor-lightbox-slideshow=\"c97a833\" data-elementor-lightbox-title=\"R\u00e9flexion\" data-e-action-hash=\"#elementor-action%3Aaction%3Dlightbox%26settings%3DeyJpZCI6NzEzLCJ1cmwiOiJodHRwczpcL1wvbHVuZWRlbWFycy5uZXRcL3dwLWNvbnRlbnRcL3VwbG9hZHNcLzIwMjRcLzAxXC9DYXB0dXJlLWRlY3Jhbi0yMDI0LTAxLTA5LWEtMjMuNTguMDUucG5nIiwic2xpZGVzaG93IjoiYzk3YTgzMyJ9\" href='https:\/\/lunedemars.net\/wp-content\/uploads\/2024\/01\/Capture-decran-2024-01-09-a-23.58.05.png'><img loading=\"lazy\" width=\"1036\" height=\"1378\" src=\"https:\/\/lunedemars.net\/wp-content\/uploads\/2024\/01\/Capture-decran-2024-01-09-a-23.58.05.png\" class=\"attachment-full size-full\" alt=\"\" decoding=\"async\" aria-describedby=\"gallery-1-713\" srcset=\"https:\/\/lunedemars.net\/wp-content\/uploads\/2024\/01\/Capture-decran-2024-01-09-a-23.58.05.png 1036w, https:\/\/lunedemars.net\/wp-content\/uploads\/2024\/01\/Capture-decran-2024-01-09-a-23.58.05-226x300.png 226w, https:\/\/lunedemars.net\/wp-content\/uploads\/2024\/01\/Capture-decran-2024-01-09-a-23.58.05-770x1024.png 770w, https:\/\/lunedemars.net\/wp-content\/uploads\/2024\/01\/Capture-decran-2024-01-09-a-23.58.05-768x1022.png 768w\" sizes=\"(max-width: 1036px) 100vw, 1036px\" \/><\/a>\n\t\t\t<\/div>\n\t\t\t\t<figcaption class='wp-caption-text gallery-caption' id='gallery-1-713'>\n\t\t\t\tSPECTACLE- Les Hommes et les Femmes sont belles?\n\t\t\t\t<\/figcaption><\/figure><figure class='gallery-item'>\n\t\t\t<div class='gallery-icon portrait'>\n\t\t\t\t<a data-elementor-open-lightbox=\"yes\" data-elementor-lightbox-slideshow=\"c97a833\" data-elementor-lightbox-title=\"Capture d\u2019e\u0301cran 2024-01-09 a\u0300 23.58.26\" data-e-action-hash=\"#elementor-action%3Aaction%3Dlightbox%26settings%3DeyJpZCI6NzE0LCJ1cmwiOiJodHRwczpcL1wvbHVuZWRlbWFycy5uZXRcL3dwLWNvbnRlbnRcL3VwbG9hZHNcLzIwMjRcLzAxXC9DYXB0dXJlLWRlY3Jhbi0yMDI0LTAxLTA5LWEtMjMuNTguMjYucG5nIiwic2xpZGVzaG93IjoiYzk3YTgzMyJ9\" href='https:\/\/lunedemars.net\/wp-content\/uploads\/2024\/01\/Capture-decran-2024-01-09-a-23.58.26.png'><img loading=\"lazy\" width=\"1024\" height=\"1378\" src=\"https:\/\/lunedemars.net\/wp-content\/uploads\/2024\/01\/Capture-decran-2024-01-09-a-23.58.26.png\" class=\"attachment-full size-full\" alt=\"\" decoding=\"async\" aria-describedby=\"gallery-1-714\" srcset=\"https:\/\/lunedemars.net\/wp-content\/uploads\/2024\/01\/Capture-decran-2024-01-09-a-23.58.26.png 1024w, https:\/\/lunedemars.net\/wp-content\/uploads\/2024\/01\/Capture-decran-2024-01-09-a-23.58.26-223x300.png 223w, https:\/\/lunedemars.net\/wp-content\/uploads\/2024\/01\/Capture-decran-2024-01-09-a-23.58.26-761x1024.png 761w, https:\/\/lunedemars.net\/wp-content\/uploads\/2024\/01\/Capture-decran-2024-01-09-a-23.58.26-768x1034.png 768w\" sizes=\"(max-width: 1024px) 100vw, 1024px\" \/><\/a>\n\t\t\t<\/div>\n\t\t\t\t<figcaption class='wp-caption-text gallery-caption' id='gallery-1-714'>\n\t\t\t\tSPECTACLE- Les Hommes et les Femmes sont belles?\n\t\t\t\t<\/figcaption><\/figure>\n\t\t<\/div>\n\t\t<\/div>\n\t\t\t\t<\/div>\n\t\t\t\t<\/div>\n\t\t\t\t<\/div>\n\t\t<div class=\"elementor-element elementor-element-302432ad e-con-full e-flex e-con e-parent\" data-id=\"302432ad\" data-element_type=\"container\" data-settings=\"{&quot;content_width&quot;:&quot;full&quot;}\" data-core-v316-plus=\"true\">\n\t\t\t\t<div class=\"elementor-element elementor-element-2ab55567 elementor-widget elementor-widget-heading\" data-id=\"2ab55567\" data-element_type=\"widget\" data-widget_type=\"heading.default\">\n\t\t\t\t<div class=\"elementor-widget-container\">\n\t\t\t<span class=\"elementor-heading-title elementor-size-default\">\u00e0 bient\u00f4t !<\/span>\t\t<\/div>\n\t\t\t\t<\/div>\n\t\t\t\t<\/div>\n\t\t\t\t\t\t\t<\/div>\n\t\t","protected":false},"excerpt":{"rendered":"<p>Le site est actuellement en construction En attendant, vous pouvez retrouvez quelques images du derniers spectacles : Les Hommes et les Femmes sont belles ? Un projet ? Une envie ? Contactez-nous par mail :lunedemars@gmail.com \u00a0\u00bb Ils s&rsquo;en foutent les gens du f\u00e9minisme, \u00e7a peut continuer comme \u00e7a.\u00a0\u00bb DEUX PERSONNAGES, AUX FRONTI\u00c8RES DU GENRE, CHAMARRE.ES, [&hellip;]<\/p>\n","protected":false},"author":1,"featured_media":0,"parent":0,"menu_order":0,"comment_status":"closed","ping_status":"closed","template":"elementor_header_footer","meta":[],"_links":{"self":[{"href":"https:\/\/lunedemars.net\/index.php\/wp-json\/wp\/v2\/pages\/657"}],"collection":[{"href":"https:\/\/lunedemars.net\/index.php\/wp-json\/wp\/v2\/pages"}],"about":[{"href":"https:\/\/lunedemars.net\/index.php\/wp-json\/wp\/v2\/types\/page"}],"author":[{"embeddable":true,"href":"https:\/\/lunedemars.net\/index.php\/wp-json\/wp\/v2\/users\/1"}],"replies":[{"embeddable":true,"href":"https:\/\/lunedemars.net\/index.php\/wp-json\/wp\/v2\/comments?post=657"}],"version-history":[{"count":23,"href":"https:\/\/lunedemars.net\/index.php\/wp-json\/wp\/v2\/pages\/657\/revisions"}],"predecessor-version":[{"id":968,"href":"https:\/\/lunedemars.net\/index.php\/wp-json\/wp\/v2\/pages\/657\/revisions\/968"}],"wp:attachment":[{"href":"https:\/\/lunedemars.net\/index.php\/wp-json\/wp\/v2\/media?parent=657"}],"curies":[{"name":"wp","href":"https:\/\/api.w.org\/{rel}","templated":true}]}}